{"id":184,"date":"2025-10-20T13:04:17","date_gmt":"2025-10-20T11:04:17","guid":{"rendered":"https:\/\/carlite.es\/shop\/?post_type=product&#038;p=184"},"modified":"2026-01-12T11:34:43","modified_gmt":"2026-01-12T10:34:43","slug":"baliza-v16-huelva","status":"publish","type":"product","link":"https:\/\/carlite.es\/shop\/producto\/baliza-v16-huelva\/","title":{"rendered":"BALIZA V16 &#8211; HUELVA"},"content":{"rendered":"<div class=\"wpb-content-wrapper\"><p>[vc_row full_width=\u00bbstretch_row_content_no_spaces\u00bb el_disable_mobile=\u00bb1&#8243; css=\u00bb.vc_custom_1760623647767{margin-top: -150px !important;}\u00bb][vc_column][vc_column_text css=\u00bb\u00bb]<\/p>\n<h2 style=\"text-align: center;\">La baliza de emergencia m\u00e1s visible del mercado<\/h2>\n<p>[\/vc_column_text][vc_column_text css=\u00bb\u00bb]<img class=\"size-full wp-image-73 aligncenter\" src=\"https:\/\/carlite.es\/shop\/wp-content\/uploads\/2025\/10\/cab-coche_car-lite_generica.jpg\" alt=\"\" width=\"1500\" height=\"748\" srcset=\"https:\/\/carlite.es\/shop\/wp-content\/uploads\/2025\/10\/cab-coche_car-lite_generica.jpg 1500w, https:\/\/carlite.es\/shop\/wp-content\/uploads\/2025\/10\/cab-coche_car-lite_generica-600x299.jpg 600w, https:\/\/carlite.es\/shop\/wp-content\/uploads\/2025\/10\/cab-coche_car-lite_generica-300x150.jpg 300w, https:\/\/carlite.es\/shop\/wp-content\/uploads\/2025\/10\/cab-coche_car-lite_generica-1024x511.jpg 1024w, https:\/\/carlite.es\/shop\/wp-content\/uploads\/2025\/10\/cab-coche_car-lite_generica-768x383.jpg 768w, https:\/\/carlite.es\/shop\/wp-content\/uploads\/2025\/10\/cab-coche_car-lite_generica-128x64.jpg 128w\" sizes=\"(max-width: 1500px) 100vw, 1500px\" \/>[\/vc_column_text][vc_column_text css=\u00bb\u00bb]<\/p>\n<h4 style=\"text-align: center;\"><span style=\"color: #e94e0d;\">Caracter\u00edsticas Baliza V-16 Geolocalizada<\/span><\/h4>\n<p>[\/vc_column_text][\/vc_column][\/vc_row][vc_row full_width=\u00bbstretch_row_content_no_spaces\u00bb el_disable_desktop=\u00bb1&#8243; el_disable_tablet=\u00bb1&#8243; css=\u00bb.vc_custom_1760623668582{margin-top: 0px !important;}\u00bb el_id=\u00bbMOVIL\u00bb][vc_column][vc_column_text css=\u00bb\u00bb]<\/p>\n<h2 style=\"text-align: center;\">La baliza de emergencia m\u00e1s visible del mercado<\/h2>\n<p>[\/vc_column_text][vc_column_text css=\u00bb\u00bb]<img class=\"size-full wp-image-73 aligncenter\" src=\"https:\/\/carlite.es\/shop\/wp-content\/uploads\/2025\/10\/cab-coche_car-lite_generica.jpg\" alt=\"\" width=\"1500\" height=\"748\" srcset=\"https:\/\/carlite.es\/shop\/wp-content\/uploads\/2025\/10\/cab-coche_car-lite_generica.jpg 1500w, https:\/\/carlite.es\/shop\/wp-content\/uploads\/2025\/10\/cab-coche_car-lite_generica-600x299.jpg 600w, https:\/\/carlite.es\/shop\/wp-content\/uploads\/2025\/10\/cab-coche_car-lite_generica-300x150.jpg 300w, https:\/\/carlite.es\/shop\/wp-content\/uploads\/2025\/10\/cab-coche_car-lite_generica-1024x511.jpg 1024w, https:\/\/carlite.es\/shop\/wp-content\/uploads\/2025\/10\/cab-coche_car-lite_generica-768x383.jpg 768w, https:\/\/carlite.es\/shop\/wp-content\/uploads\/2025\/10\/cab-coche_car-lite_generica-128x64.jpg 128w\" sizes=\"(max-width: 1500px) 100vw, 1500px\" \/>[\/vc_column_text][vc_column_text css=\u00bb\u00bb]<\/p>\n<h4 style=\"text-align: center;\"><span style=\"color: #e94e0d;\">Caracter\u00edsticas Baliza V-16 Geolocalizada<\/span><\/h4>\n<p>[\/vc_column_text][\/vc_column][\/vc_row][vc_row][vc_column width=\u00bb1\/5&#8243;][vc_column_text css=\u00bb\u00bb]<img class=\"size-full wp-image-120 aligncenter\" src=\"https:\/\/carlite.es\/shop\/wp-content\/uploads\/2025\/10\/icon-imanes_baliza_car-lite_generica.png\" alt=\"\" width=\"88\" height=\"88\" \/>[\/vc_column_text][vc_column_text css=\u00bb\u00bb]<\/p>\n<p style=\"text-align: center;\"><span style=\"color: #000000;\">BASE IMANTADA,<br \/>\nALTA ADHERENCIA<\/span><\/p>\n<p>[\/vc_column_text][\/vc_column][vc_column width=\u00bb1\/5&#8243;][vc_column_text css=\u00bb\u00bb]<img class=\"size-full wp-image-119 aligncenter\" src=\"https:\/\/carlite.es\/shop\/wp-content\/uploads\/2025\/10\/icon-encendido_baliza_car-lite_generica.png\" alt=\"\" width=\"88\" height=\"88\" \/>[\/vc_column_text][vc_column_text css=\u00bb\u00bb]<\/p>\n<p style=\"text-align: center;\"><span style=\"color: #000000;\">ACTIVACI\u00d3N CON <\/span><br \/>\n<span style=\"color: #000000;\">1\/4 DE VUELTA<\/span><\/p>\n<p>[\/vc_column_text][\/vc_column][vc_column width=\u00bb1\/5&#8243;][vc_column_text css=\u00bb\u00bb]<img class=\"size-full wp-image-122 aligncenter\" src=\"https:\/\/carlite.es\/shop\/wp-content\/uploads\/2025\/10\/icon-lluvia_baliza_car-lite_generica.png\" alt=\"\" width=\"88\" height=\"88\" \/>[\/vc_column_text][vc_column_text css=\u00bb\u00bb]<\/p>\n<p style=\"text-align: center;\"><span style=\"color: #000000;\">M\u00c1XIMA RESISTENCIA<br \/>\nA AGUA, POLVO,<br \/>\nNIEVE\u2026 IP54<\/span><\/p>\n<p>[\/vc_column_text][\/vc_column][vc_column width=\u00bb1\/5&#8243;][vc_column_text css=\u00bb\u00bb]<img class=\"size-full wp-image-126 aligncenter\" src=\"https:\/\/carlite.es\/shop\/wp-content\/uploads\/2025\/10\/icon-1km_baliza_car-lite_generica.png\" alt=\"\" width=\"88\" height=\"88\" \/>[\/vc_column_text][vc_column_text css=\u00bb\u00bb]<\/p>\n<p style=\"text-align: center;\"><span style=\"color: #000000;\">ALCANCE 1 KM<\/span><\/p>\n<p>[\/vc_column_text][\/vc_column][vc_column width=\u00bb1\/5&#8243;][vc_column_text css=\u00bb\u00bb]<img class=\"size-full wp-image-118 aligncenter\" src=\"https:\/\/carlite.es\/shop\/wp-content\/uploads\/2025\/10\/icon-dgt_baliza_car-lite_generica.png\" alt=\"\" width=\"88\" height=\"88\" \/>[\/vc_column_text][vc_column_text css=\u00bb\u00bb]<\/p>\n<p style=\"text-align: center;\"><span style=\"color: #000000;\">CERTIFICADA DGT\u00a0<\/span><\/p>\n<p>[\/vc_column_text][\/vc_column][\/vc_row][vc_row][vc_column width=\u00bb1\/5&#8243;][vc_column_text css=\u00bb\u00bb]<img class=\"size-full wp-image-125 aligncenter\" src=\"https:\/\/carlite.es\/shop\/wp-content\/uploads\/2025\/10\/icon-visibilidad_baliza_car-lite_generica.png\" alt=\"\" width=\"88\" height=\"88\" \/>[\/vc_column_text][vc_column_text css=\u00bb\u00bb]<\/p>\n<p style=\"text-align: center;\"><span style=\"color: #000000;\">VISIBILIDAD 360\u00b0<\/span><\/p>\n<p>[\/vc_column_text][\/vc_column][vc_column width=\u00bb1\/5&#8243;][vc_column_text css=\u00bb\u00bb]<img class=\"size-full wp-image-123 aligncenter\" src=\"https:\/\/carlite.es\/shop\/wp-content\/uploads\/2025\/10\/icon-localizacion_baliza_car-lite_generica.png\" alt=\"\" width=\"88\" height=\"88\" \/>[\/vc_column_text][vc_column_text css=\u00bb\u00bb]<\/p>\n<p style=\"text-align: center;\"><span style=\"color: #000000;\">GEOLOCALIZACI\u00d3N EXACTA<br \/>\nDEL VEH\u00cdCULO<\/span><\/p>\n<p>[\/vc_column_text][\/vc_column][vc_column width=\u00bb1\/5&#8243;][vc_column_text css=\u00bb\u00bb]<img class=\"size-full wp-image-124 aligncenter\" src=\"https:\/\/carlite.es\/shop\/wp-content\/uploads\/2025\/10\/icon-socorro_baliza_car-lite_generica.png\" alt=\"\" width=\"88\" height=\"88\" \/>[\/vc_column_text][vc_column_text css=\u00bb\u00bb]<\/p>\n<p style=\"text-align: center;\"><span style=\"color: #000000;\">ENV\u00cdO DE SE\u00d1AL<br \/>\nDE SOCORRO<br \/>\nA LA DGT 3.0<\/span><\/p>\n<p>[\/vc_column_text][\/vc_column][vc_column width=\u00bb1\/5&#8243;][vc_column_text css=\u00bb\u00bb]<img class=\"size-full wp-image-121 aligncenter\" src=\"https:\/\/carlite.es\/shop\/wp-content\/uploads\/2025\/10\/icon-led_baliza_car-lite_generica.png\" alt=\"\" width=\"88\" height=\"88\" \/>[\/vc_column_text][vc_column_text css=\u00bb\u00bb]<\/p>\n<p style=\"text-align: center;\"><span style=\"color: #000000;\">ALTA VISIBILIDAD<br \/>\nD\u00cdA Y NOCHE\u00a0<\/span><\/p>\n<p>[\/vc_column_text][\/vc_column][vc_column width=\u00bb1\/5&#8243;][vc_column_text css=\u00bb\u00bb]<img class=\"size-full wp-image-127 aligncenter\" src=\"https:\/\/carlite.es\/shop\/wp-content\/uploads\/2025\/10\/icon-conectividad_baliza_car-lite_generica.png\" alt=\"\" width=\"88\" height=\"88\" \/>[\/vc_column_text][vc_column_text css=\u00bb\u00bb]<\/p>\n<p style=\"text-align: center;\"><span style=\"color: #000000;\">12 A\u00d1OS DE<br \/>\nCONECTIVIDAD GARANTIZADA<\/span><\/p>\n<p>[\/vc_column_text][\/vc_column][\/vc_row][vc_row full_width=\u00bbstretch_row_content_no_spaces\u00bb][vc_column][vc_column_text css=\u00bb\u00bb]<img class=\"size-full wp-image-137 aligncenter\" src=\"https:\/\/carlite.es\/shop\/wp-content\/uploads\/2025\/10\/baliza_v16_car-lite_generica_encendida-1.jpg\" alt=\"\" width=\"1500\" height=\"1000\" srcset=\"https:\/\/carlite.es\/shop\/wp-content\/uploads\/2025\/10\/baliza_v16_car-lite_generica_encendida-1.jpg 1500w, https:\/\/carlite.es\/shop\/wp-content\/uploads\/2025\/10\/baliza_v16_car-lite_generica_encendida-1-300x200.jpg 300w, https:\/\/carlite.es\/shop\/wp-content\/uploads\/2025\/10\/baliza_v16_car-lite_generica_encendida-1-1024x683.jpg 1024w, https:\/\/carlite.es\/shop\/wp-content\/uploads\/2025\/10\/baliza_v16_car-lite_generica_encendida-1-768x512.jpg 768w, https:\/\/carlite.es\/shop\/wp-content\/uploads\/2025\/10\/baliza_v16_car-lite_generica_encendida-1-128x85.jpg 128w, https:\/\/carlite.es\/shop\/wp-content\/uploads\/2025\/10\/baliza_v16_car-lite_generica_encendida-1-600x400.jpg 600w\" sizes=\"(max-width: 1500px) 100vw, 1500px\" \/>[\/vc_column_text][vc_column_text css=\u00bb\u00bb]<\/p>\n<h3 style=\"text-align: center;\"><span style=\"color: #e94e0d;\">Funcionamiento<\/span><\/h3>\n<p>[\/vc_column_text][\/vc_column][\/vc_row][vc_row][vc_column width=\u00bb1\/2&#8243;][vc_column_text css=\u00bb\u00bb]<\/p>\n<h5><span style=\"color: #e94e0d;\">Instalaci\u00f3n de la bater\u00eda<\/span><\/h5>\n<p><span style=\"color: #000000;\">Para colocar o sustituir la bater\u00eda, gira la base en direcci\u00f3n contraria a las agujas del reloj, hasta que la marca naranja se coloque encima del candado. La tapa se podr\u00e1 extraer dejando el hueco para la pila visible y listo para su uso.<\/span><\/p>\n<h5><span style=\"color: #e94e0d;\">Encendido y apagado<\/span><\/h5>\n<p><span style=\"color: #000000;\">Para encender la baliza, gira la base en la direcci\u00f3n de las agujas del reloj, hasta que la marca naranja apunte a encendido. La baliza se encender\u00e1 en el modo de iluminaci\u00f3n predeterminado. Para apagarla, gira en la direcci\u00f3n contraria a las agujas del reloj, hasta colocar la marca en\u00a0el\u00a0icono\u00a0OFF.<\/span><\/p>\n<p><span style=\"color: #000000;\"><strong><span style=\"color: #e94e0d;\">IMPORTANTE:<\/span><\/strong>\u00a0La baliza se apagar\u00e1 unos segundos despu\u00e9s de que se coloque en posici\u00f3n de apagado.<\/span><\/p>\n<h5><span style=\"color: #e94e0d;\">Fijaci\u00f3n de la baliza<\/span><\/h5>\n<p><span style=\"color: #000000;\">La base de la baliza es magn\u00e9tica permitiendo que se pueda fijar en superficies met\u00e1lica. Un veh\u00edculo en su techo o una estructura de metal. Aseg\u00farate de que la superficie est\u00e9 limpia y seca antes de fijar la baliza para garantizar una sujeci\u00f3n\u00a0\u00f3ptima.<\/span><\/p>\n<h5><span style=\"color: #e94e0d;\">Mantenimiento y cuidado:<\/span><\/h5>\n<ul>\n<li><span style=\"color: #000000;\">Limpia la baliza con un pa\u00f1o h\u00famedo y suave si es necesario.<\/span><\/li>\n<li><span style=\"color: #000000;\">No utilices productos qu\u00edmicos ni abrasivos para limpiarla.<\/span><\/li>\n<li><span style=\"color: #000000;\">No sumerjas la baliza en agua, aunque es resistente al agua.<\/span><\/li>\n<li><span style=\"color: #000000;\">Almacena la baliza en un lugar fresco y seco cuando no est\u00e9 en uso.<\/span><\/li>\n<li><span style=\"color: #000000;\">Comprueba la bater\u00eda de la baliza pasados 2 a\u00f1os de su almacenamiento.<\/span><\/li>\n<\/ul>\n<p>[\/vc_column_text][\/vc_column][vc_column width=\u00bb1\/2&#8243;][vc_column_text css=\u00bb\u00bb]<\/p>\n<h5><span style=\"color: #e94e0d;\">Precauciones de seguridad<\/span><\/h5>\n<p><span style=\"color: #000000;\">La baliza V16 Car-Lite viene con una garant\u00eda limitada de 12 meses desde la fecha de compra original.<br \/>\n<\/span><\/p>\n<p><span style=\"color: #000000;\">Esta garant\u00eda cubre defectos de fabricaci\u00f3n y no se aplica a da\u00f1os causados por uso indebido, desgaste normal, accidentes o modificaciones del producto.<br \/>\n<\/span><\/p>\n<p><span style=\"color: #000000;\">No mires directamente a las luces LED cuando est\u00e9n encendidas.<br \/>\n<\/span><\/p>\n<p><span style=\"color: #000000;\">No permitas que los ni\u00f1os jueguen con la baliza.<br \/>\n<\/span><\/p>\n<p><span style=\"color: #000000;\">No desmontes ni modifiques la baliza, ya que esto podr\u00eda anular la garant\u00eda y causar mal funcionamiento o da\u00f1os.<br \/>\n<\/span><\/p>\n<p><span style=\"color: #000000;\">Mant\u00e9n el dispositivo alejado del cuerpo 20 cm una vez encendido.<\/span><\/p>\n<h5><span style=\"color: #e94e0d;\">Resoluci\u00f3n de problemas<\/span><\/h5>\n<p><span style=\"color: #000000;\"><strong>La baliza no enciende:\u00a0<\/strong>Aseg\u00farate de que la bater\u00eda est\u00e9 colocada de forma correcta.<br \/>\n<\/span><\/p>\n<p><span style=\"color: #000000;\">Si la baliza a\u00fan no enciende, intenta reemplazar las pilas.<br \/>\n<\/span><\/p>\n<p><span style=\"color: #000000;\"><strong>La baliza no se fija correctamente a la superficie:\u00a0<\/strong>Aseg\u00farate de que la superficie est\u00e9 limpia y seca antes de fijar la baliza. Si la baliza no se fija correctamente, es posible que la superficie no sea met\u00e1lica o que haya suciedad o humedad en la base magn\u00e9tica.<\/span>[\/vc_column_text][\/vc_column][\/vc_row][vc_row css=\u00bb.vc_custom_1760611107428{background-color: #E94E0D !important;}\u00bb][vc_column width=\u00bb1\/6&#8243;][\/vc_column][vc_column width=\u00bb2\/3&#8243;][vc_column_text css=\u00bb\u00bb]<\/p>\n<h4 style=\"text-align: center;\"><span style=\"color: #ffffff;\">Especificaciones t\u00e9cnicas<\/span><\/h4>\n<p style=\"text-align: center;\"><span style=\"color: #ffffff;\"><strong>Certificaci\u00f3n:<\/strong>\u00a0CE\/ V16 Dispositivo de se\u00f1alizaci\u00f3n\u2028<\/span><\/p>\n<p style=\"text-align: center;\"><span style=\"color: #ffffff;\"><strong>Potencia:<\/strong>\u00a08LED*1W\u2028<\/span><\/p>\n<p style=\"text-align: center;\"><span style=\"color: #ffffff;\"><strong>Color de la fuente de luz:\u00a0<\/strong>\u00c1mbar\u2028<\/span><\/p>\n<p style=\"text-align: center;\"><span style=\"color: #ffffff;\"><strong>Modos de iluminaci\u00f3n:<\/strong>\u00a01 (Parpadeo r\u00e1pido seg\u00fan la normativa)<\/span><\/p>\n<p style=\"text-align: center;\"><span style=\"color: #ffffff;\"><strong>Montaje:\u00a0<\/strong>Montaje magn\u00e9tico.\u2028<\/span><\/p>\n<p style=\"text-align: center;\"><span style=\"color: #ffffff;\"><strong>Bater\u00eda:\u00a0<\/strong>1 pila alcalina 9w sustituible\u2028<\/span><\/p>\n<p style=\"text-align: center;\"><span style=\"color: #ffffff;\"><strong>Duraci\u00f3n de la bater\u00eda:\u00a0<\/strong>1.5h\u2028<\/span><\/p>\n<p style=\"text-align: center;\"><span style=\"color: #ffffff;\"><strong>Grado de protecci\u00f3n IP:\u00a0<\/strong>Ip54 (Resistente al agua y al polvo)<\/span><\/p>\n<p style=\"text-align: center;\"><span style=\"color: #ffffff;\"><strong>Temperatura de funcionamiento:<\/strong> -20\u00b0C a +60\u00b0C<\/span><\/p>\n<p style=\"text-align: center;\"><span style=\"color: #ffffff;\"><strong>\u2028Dimensiones:<\/strong>\u00a077,7 x 65,8mm\u2028<\/span><\/p>\n<p style=\"text-align: center;\"><span style=\"color: #ffffff;\"><strong>Peso:\u00a0<\/strong>125g <\/span><\/p>\n<p>[\/vc_column_text][\/vc_column][vc_column width=\u00bb1\/6&#8243;][\/vc_column][\/vc_row]<\/p>\n<\/div>","protected":false},"excerpt":{"rendered":"<div style=\"text-align: center;\">\n<div style=\"text-align: center;\">\n<div style=\"text-align: center;\"><span style=\"color: #ffffff;\">&#8212;&#8212;&#8212;&#8212;&#8212;&#8212;&#8212;&#8212;<\/span><\/div>\n<div>\n<div style=\"text-align: center;\"><strong style=\"color: #ff6600; font-size: 32px; letter-spacing: 0.05em; text-transform: uppercase;\">PROMOCI\u00d3N ESPECIAL<\/strong><\/div>\n<div style=\"text-align: center;\">\n<p><strong style=\"color: #ff6600; font-size: 20px; letter-spacing: 0.05em; text-transform: uppercase;\">hasta 11 DE ENERO<\/strong><\/p>\n<p style=\"text-align: center;\">(o hasta fin de existencias).<br \/>\n<strong>Adem\u00e1s, gastos env\u00edo GRATIS.<\/strong><\/p>\n<\/div>\n<\/div>\n<\/div>\n<\/div>\n","protected":false},"featured_media":117,"template":"","meta":[],"product_brand":[],"product_cat":[21],"product_tag":[],"class_list":{"0":"post-184","1":"product","2":"type-product","3":"status-publish","4":"has-post-thumbnail","6":"product_cat-grupo-joly","7":"yith_shop_vendor-grupo-joly","9":"first","10":"instock","11":"shipping-taxable","12":"purchasable","13":"product-type-simple"},"_links":{"self":[{"href":"https:\/\/carlite.es\/shop\/wp-json\/wp\/v2\/product\/184","targetHints":{"allow":["GET"]}}],"collection":[{"href":"https:\/\/carlite.es\/shop\/wp-json\/wp\/v2\/product"}],"about":[{"href":"https:\/\/carlite.es\/shop\/wp-json\/wp\/v2\/types\/product"}],"wp:featuredmedia":[{"embeddable":true,"href":"https:\/\/carlite.es\/shop\/wp-json\/wp\/v2\/media\/117"}],"wp:attachment":[{"href":"https:\/\/carlite.es\/shop\/wp-json\/wp\/v2\/media?parent=184"}],"wp:term":[{"taxonomy":"product_brand","embeddable":true,"href":"https:\/\/carlite.es\/shop\/wp-json\/wp\/v2\/product_brand?post=184"},{"taxonomy":"product_cat","embeddable":true,"href":"https:\/\/carlite.es\/shop\/wp-json\/wp\/v2\/product_cat?post=184"},{"taxonomy":"product_tag","embeddable":true,"href":"https:\/\/carlite.es\/shop\/wp-json\/wp\/v2\/product_tag?post=184"}],"curies":[{"name":"wp","href":"https:\/\/api.w.org\/{rel}","templated":true}]}}