{"id":92,"date":"2025-10-14T12:42:59","date_gmt":"2025-10-14T10:42:59","guid":{"rendered":"https:\/\/carlite.es\/shop\/?page_id=92"},"modified":"2025-10-24T14:18:51","modified_gmt":"2025-10-24T12:18:51","slug":"aviso-legal","status":"publish","type":"page","link":"https:\/\/carlite.es\/shop\/aviso-legal\/","title":{"rendered":"AVISO LEGAL"},"content":{"rendered":"<div class=\"wpb-content-wrapper\"><p>[vc_row][vc_column][vc_column_text css=\u00bb\u00bb]<img class=\"size-full wp-image-116 aligncenter\" src=\"https:\/\/carlite.es\/shop\/wp-content\/uploads\/2025\/10\/logo_car-lite_woocommerce-1.png\" alt=\"\" width=\"300\" height=\"93\" srcset=\"https:\/\/carlite.es\/shop\/wp-content\/uploads\/2025\/10\/logo_car-lite_woocommerce-1.png 300w, https:\/\/carlite.es\/shop\/wp-content\/uploads\/2025\/10\/logo_car-lite_woocommerce-1-128x40.png 128w\" sizes=\"(max-width: 300px) 100vw, 300px\" \/>[\/vc_column_text][vc_column_text css=\u00bb\u00bb]<\/p>\n<h1 style=\"text-align: center;\"><span style=\"color: #000000;\">AVISO LEGAL<\/span><\/h1>\n<p>[\/vc_column_text][vc_separator color=\u00bbblack\u00bb css=\u00bb\u00bb][vc_column_text css=\u00bb\u00bb]<\/p>\n<div>\n<h4><span style=\"color: #000000;\"><b>1. <\/b><b>Datos<\/b><\/span><\/h4>\n<p><span style=\"color: #000000;\"><b>En cumplimiento del <\/b><b>art\u00edculo 10 de la Ley 34\/2002, de 11 de julio, de Servicios de la Sociedad de\u00a0<\/b><b>la Informaci\u00f3n y Comercio Electr\u00f3nico<\/b>, a continuaci\u00f3n, se exponen los datos identificativos del titular de la p\u00e1gina web.<\/span><\/p>\n<p><span style=\"color: #000000;\"><b>Denominaci\u00f3n Social o nombre y apellidos: <\/b>OMNITRADE DYNAMICS, S.L.<\/span><\/p>\n<p><span style=\"color: #000000;\"><b>CIF\/NIF: <\/b>B70680004<\/span><\/p>\n<p><span style=\"color: #000000;\"><b>N\u00famero de inscripci\u00f3n en el registro mercantil:<\/b><\/span><\/p>\n<p><span style=\"color: #000000;\"><b>Domicilio social: <\/b>C\/ POLLENSA, 4, PISO 2, PTA 3, 28290, LAS ROZAS (MADRID)<\/span><\/p>\n<p><span style=\"color: #000000;\"><b>Tel\u00e9fono: <\/b>900 820 300<\/span><\/p>\n<p><span style=\"color: #000000;\"><b>Web<\/b> https:\/\/carlite.es<\/span><\/p>\n<p><span style=\"color: #000000;\"><b>Email: <\/b>info@carlite.es<\/span><\/p>\n<h4><span style=\"color: #000000;\"><b>2. <\/b><b>Propiedad Intelectual<\/b><\/span><\/h4>\n<p><span style=\"color: #000000;\">La informaci\u00f3n y los contenidos; as\u00ed como dise\u00f1os gr\u00e1ficos, las im\u00e1genes, las fotograf\u00edas que se recogen en <b>https:\/\/carlite.es\/ <\/b>est\u00e1n protegidos por la legislaci\u00f3n espa\u00f1ola sobre los derechos de propiedad intelectual e industrial a favor de denominaci\u00f3n social o nombre del responsable del tratamiento y no se permite la reproducci\u00f3n y\/o publicaci\u00f3n, total o parcial, del sitio web, ni su tratamiento inform\u00e1tico, su distribuci\u00f3n, su difusi\u00f3n, ni su modificaci\u00f3n, transformaci\u00f3n o descompilaci\u00f3n, ni dem\u00e1s derechos reconocidos legalmente a su titular, sin el permiso previo y por escrito del mismo.<\/span><\/p>\n<p><span style=\"color: #000000;\">La utilizaci\u00f3n del sitio web implica la aceptaci\u00f3n plena y sin reservas de todas y cada una de las disposiciones incluidas en este Aviso Legal. En consecuencia, el usuario del sitio web debe leer atentamente el presente Aviso Legal en cada una de las ocasiones en que se proponga utilizar la web, ya que el texto podr\u00eda sufrir modificaciones a criterio del titular de la web, o a causa de un cambio legislativo, jurisprudencial o en la pr\u00e1ctica empresarial.<\/span><\/p>\n<p><span style=\"color: #000000;\">El titular de la web no concede ninguna licencia o autorizaci\u00f3n de uso de ninguna clase sobre sus derechos de propiedad intelectual e industrial o sobre cualquier otra propiedad o derecho relacionado con el sitio web, y en ning\u00fan caso se entender\u00e1 que el acceso y navegaci\u00f3n de los usuarios implica una renuncia, transmisi\u00f3n, licencia o cesi\u00f3n total ni parcial de dichos derechos por parte de el propietario de la web.<\/span><\/p>\n<p><span style=\"color: #000000;\">Cualquier uso de esos contenidos no autorizado previamente por parte del titular de la web ser\u00e1 considerado un incumplimiento grave de los derechos de propiedad intelectual o industrial y dar\u00e1 lugar a las responsabilidades legalmente establecidas. El titular se reserva el derecho de ejercitar frente al usuario las acciones judiciales y extrajudiciales que correspondan.<\/span><\/p>\n<h4><span style=\"color: #000000;\"><b>3. <\/b><b>Acceso y contenidos de la WEB<\/b><\/span><\/h4>\n<p><span style=\"color: #000000;\">Este Aviso Legal regula el acceso y utilizaci\u00f3n de la p\u00e1gina web que el responsable del tratamiento pone a la disposici\u00f3n de los usuarios de Internet. Se considera usuario la persona que acceda, navegue, utilice o participe en los servicios y actividades de la p\u00e1gina web.<\/span><\/p>\n<p><span style=\"color: #000000;\">El usuario queda informado, y acepta, que el acceso a la presente web no supone, en modo alguno, el inicio de una relaci\u00f3n comercial. El acceso y navegaci\u00f3n en el sitio web por parte del usuario supone la aceptaci\u00f3n de la totalidad de las presentes Condiciones. En caso de desacuerdo con las condiciones debe abstenerse a usar el sitio web.<\/span><\/p>\n<p><span style=\"color: #000000;\">El acceso y utilizaci\u00f3n de esta web es gratuito. Con car\u00e1cter general el acceso y utilizaci\u00f3n de la web no exige la previa suscripci\u00f3n o registro de los usuarios de la misma.<\/span><\/p>\n<p><span style=\"color: #000000;\">El idioma utilizado por el titular en la web ser\u00e1 el castellano. <b>OMNITRADE DYNAMICS, S.L. <\/b>no se responsabiliza de la no comprensi\u00f3n o entendimiento del idioma de la web por el usuario, ni de sus consecuencias.<\/span><\/p>\n<p><span style=\"color: #000000;\"><b>OMNITRADE DYNAMICS, S.L. <\/b>podr\u00e1 modificar los contenidos sin previo aviso, as\u00ed como suprimir y cambiar \u00e9stos dentro de la web, como la forma en que se accede a \u00e9stos, sin justificaci\u00f3n alguna y libremente, no responsabiliz\u00e1ndose de las consecuencias que los mismos puedan ocasionar a los usuarios.<\/span><\/p>\n<p><span style=\"color: #000000;\">El usuario, \u00fanica y exclusivamente, puede utilizar el material que aparezca en este sitio web para su uso personal y privado. Se proh\u00edbe el uso de los contenidos de la web para promocionar, contratar o divulgar publicidad o informaci\u00f3n propia o de terceras personas sin la autorizaci\u00f3n de <b>OMNITRADE DYNAMICS, S.L.<\/b>, ni remitir publicidad o informaci\u00f3n vali\u00e9ndose para ello de los servicios o informaci\u00f3n que se ponen a disposici\u00f3n de los usuarios, independientemente de si la utilizaci\u00f3n es gratuita o no.<\/span><\/p>\n<p><span style=\"color: #000000;\">Los enlaces o hiperenlaces que incorporen terceros en sus p\u00e1ginas web, dirigidos a esta web, ser\u00e1n para la apertura de la p\u00e1gina web completa, no pudiendo manifestar, directa o indirectamente, indicaciones falsas, inexactas o confusas, ni incurrir en acciones desleales o il\u00edcitas en contra del\/la Responsable del tratamiento.<\/span><\/p>\n<h4><span style=\"color: #000000;\"><b>4. <\/b><b>Condiciones y uso<\/b><\/span><\/h4>\n<p><span style=\"color: #000000;\">La visita al sitio web por parte del usuario deber\u00e1 hacerse de forma responsable y de conformidad a la legalidad vigente y la buena fe.<\/span><\/p>\n<p><span style=\"color: #000000;\">El uso de cualquiera de los contenidos del sitio web con finalidades que sean o pudieran ser il\u00edcitas queda totalmente prohibido, as\u00ed como la realizaci\u00f3n de cualquier acci\u00f3n que cause o pueda causar da\u00f1os o alteraciones de cualquier tipo no consentidas por el responsable del tratamiento, al sitio web o a sus contenidos.<\/span><\/p>\n<p><span style=\"color: #000000;\">El titular del web no se identifica con las opiniones vertidas en el mismo por sus colaboradores. La empresa se reserva el derecho de efectuar sin previo aviso las modificaciones que considere oportunas en su Web, pudiendo cambiar, suprimir o a\u00f1adir tanto los contenidos y servicios que se presten a trav\u00e9s de la misma como la forma en la que \u00e9stos aparezcan presentados o localizados en sus servidores.<\/span><\/p>\n<h4><span style=\"color: #000000;\"><b>5. <\/b><b>Responsabilidad y garant\u00edas<\/b><\/span><\/h4>\n<p><span style=\"color: #000000;\">El propietario de la web declara que ha adoptado las medidas necesarias que, dentro de sus posibilidades y el estado de la tecnolog\u00eda, permitan el correcto funcionamiento de su sitio web as\u00ed como la ausencia de virus y componentes da\u00f1inos. Sin embargo, <b>OMNITRADE DYNAMICS, S.L. <\/b>no puede hacerse responsable de las siguientes situaciones que se enumeran a t\u00edtulo enunciativo, pero no limitativo:<\/span><\/p>\n<ul>\n<li><span style=\"color: #000000;\">La continuidad y disponibilidad de los Contenidos.<\/span><\/li>\n<li><span style=\"color: #000000;\">La ausencia de errores en dichos Contenidos ni la correcci\u00f3n de cualquier defecto que pudiera ocurrir.<\/span><\/li>\n<li><span style=\"color: #000000;\">La ausencia de virus y\/o dem\u00e1s componentes da\u00f1inos.<\/span><\/li>\n<li><span style=\"color: #000000;\">Los da\u00f1os o perjuicios que cause cualquier persona que vulnere los sistemas de seguridad de <b>OMNITRADE DYNAMICS, S.L.<\/b>.<\/span><\/li>\n<li><span style=\"color: #000000;\">El uso que los usuarios puedan hacer de los contenidos incluidos en el web. En consecuencia, <b>OMNITRADE DYNAMICS, S.L. <\/b>no garantiza que el uso que los usuarios puedan hacer de los contenidos que en su caso se incluyan en el sitio web, se ajusten al presente aviso legal, ni que el uso del sitio web se realice de forma diligente.<\/span><\/li>\n<li><span style=\"color: #000000;\">El uso por menores de edad del sitio web o del env\u00edo de sus datos personales sin el permiso de sus tutores, siendo los tutores responsables del uso que hagan de Internet.<\/span><\/li>\n<li><span style=\"color: #000000;\">Los contenidos a los que el usuario pueda acceder a trav\u00e9s de enlaces no autorizados o\u00a0introducidos por usuarios mediante comentarios o herramientas similares.<\/span><\/li>\n<li><span style=\"color: #000000;\">La introducci\u00f3n de datos err\u00f3neos por parte del usuario o de un tercero.<\/span><\/li>\n<\/ul>\n<p><span style=\"color: #000000;\">El propietario de la web podr\u00e1 suspender temporalmente y sin previo aviso, la accesibilidad al sitio web con motivo de operaciones de mantenimiento, reparaci\u00f3n, actualizaci\u00f3n o mejora. No obstante, siempre que las circunstancias lo permitan, <b>OMNITRADE DYNAMICS, S.L. <\/b>comunicar\u00e1 al usuario,\u00a0con antelaci\u00f3n suficiente, la fecha prevista para la suspensi\u00f3n de los contenidos.<\/span><\/p>\n<p><span style=\"color: #000000;\">Asimismo, de conformidad con los arts. 11 y 16 de la Ley 34\/2002, de 11 de julio, de servicios de la sociedad de la informaci\u00f3n y de comercio electr\u00f3nico (LSSICE), <b>OMNITRADE DYNAMICS, S.L. <\/b>se compromete a la eliminaci\u00f3n o, en su caso, bloqueo de los contenidos que pudieran afectar o ser contrarios a la legislaci\u00f3n vigente, los derechos de terceros o la moral y orden p\u00fablico.<\/span><\/p>\n<h4><span style=\"color: #000000;\"><b>6. <\/b><b>Limitaci\u00f3n de responsabilidad<\/b><\/span><\/h4>\n<p><span style=\"color: #000000;\">Tanto el acceso a la web como el uso no consentido que pueda efectuarse de la informaci\u00f3n contenida en la misma es de la exclusiva responsabilidad de quien lo realiza. <b>OMNITRADE DYNAMICS, S.L. <\/b>no responder\u00e1 de ninguna consecuencia, da\u00f1o o perjuicio que pudieran derivarse de dicho acceso o uso. El representante no se hace responsable de los errores de seguridad, que se puedan producir ni de los da\u00f1os que puedan causarse al sistema inform\u00e1tico del usuario (hardware y software), o a los ficheros o documentos almacenados en el mismo, como consecuencia de:<\/span><\/p>\n<p><span style=\"color: #000000;\">\u2013 la presencia de un virus en el ordenador del usuario que sea utilizado para la conexi\u00f3n a los servicios y contenidos de la web,<\/span><\/p>\n<p><span style=\"color: #000000;\">\u2013 un mal funcionamiento del navegador,<\/span><\/p>\n<p><span style=\"color: #000000;\">\u2013 y\/o del uso de versiones no actualizadas del mismo.<\/span><\/p>\n<p><span style=\"color: #000000;\"><b>OMNITRADE DYNAMICS, S.L. <\/b>no se hace responsable de la fiabilidad y rapidez de los hiperenlaces que se incorporen en la web para la apertura de otras. Adem\u00e1s, no garantiza la utilidad de estos enlaces, ni se responsabiliza de los contenidos o servicios a los que pueda acceder el usuario por medio de estos enlaces, ni del buen funcionamiento de estas webs.<\/span><\/p>\n<p><span style=\"color: #000000;\"><b>OMNITRADE DYNAMICS, S.L. <\/b>no ser\u00e1 responsable de los virus o dem\u00e1s programas inform\u00e1ticos que deterioren o puedan deteriorar los sistemas o equipos inform\u00e1ticos de los usuarios al acceder a su web u otras webs a las que se haya accedido mediante enlaces de esta web.<\/span><\/p>\n<h4><span style=\"color: #000000;\"><b>7. <\/b><b>Exactitud y veracidad de los datos personales<\/b><\/span><\/h4>\n<p><span style=\"color: #000000;\">El usuario es el \u00fanico responsable de la veracidad y correcci\u00f3n de los datos incluidos, exonerando a <strong>OMNITRADE DYNAMICS, S.L.<\/strong> de cualquier responsabilidad al respecto. Los usuarios garantizan y responden, en cualquier caso, de la exactitud, vigencia y autenticidad de los datos personales facilitados, y se comprometen a mantenerlos debidamente actualizados. El usuario acepta proporcionar informaci\u00f3n completa y correcta en el formulario de registro o suscripci\u00f3n. <strong>OMNITRADE<\/strong><\/span><\/p>\n<p><span style=\"color: #000000;\"><b>DYNAMICS, S.L. <\/b>se reserva el derecho de finalizar los servicios contratados que se hubiera celebrado con los usuarios, en caso de que los datos que haya facilitado sean falsos, incompletos, inexactos o no est\u00e9n actualizados.<\/span><\/p>\n<p><span style=\"color: #000000;\"><b>OMNITRADE DYNAMICS, S.L. <\/b>-no responde de la veracidad de las informaciones que no sean de elaboraci\u00f3n propia y de las que se indique otra fuente, por lo que tampoco asume responsabilidad alguna en cuanto a hipot\u00e9ticos perjuicios que pudieran originarse por el uso de dicha informaci\u00f3n.<\/span><\/p>\n<p><span style=\"color: #000000;\"><b>OMNITRADE DYNAMICS, S.L. <\/b>-se reserva el derecho a actualizar, modificar o eliminar la informaci\u00f3n contenida en sus p\u00e1ginas web pudiendo incluso limitar o no permitir el acceso a dicha informaci\u00f3n. Se exonera a OMNITRADE DYNAMICS, S.L. de responsabilidad ante cualquier da\u00f1o o perjuicio que pudiera sufrir el usuario como consecuencia de errores, defectos u omisiones, en la informaci\u00f3n facilitada por el responsable siempre que proceda de fuentes ajenas a la misma.<\/span><\/p>\n<p><span style=\"color: #000000;\">Asimismo, el usuario certifica que es mayor de 14 a\u00f1os y que posee la capacidad legal necesaria para la prestaci\u00f3n del consentimiento en cuanto al tratamiento de sus datos de car\u00e1cter personal.<\/span><\/p>\n<h4><span style=\"color: #000000;\"><b>8. <\/b><b>Legislaci\u00f3n aplicable<\/b><\/span><\/h4>\n<p><span style=\"color: #000000;\"><b>OMNITRADE DYNAMICS, S.L.<\/b>, velar\u00e1 por el cumplimiento de las anteriores condiciones como por la debida utilizaci\u00f3n de los contenidos presentados en sus p\u00e1ginas web, ejercitando todas las acciones civiles y penales que le correspondan en el caso de infracci\u00f3n o incumplimiento de estos derechos por parte del usuario.<\/span><\/p>\n<p><span style=\"color: #000000;\">El presente Aviso Legal se interpretar\u00e1 y regir\u00e1 de conformidad con la legislaci\u00f3n espa\u00f1ola.<\/span><\/p>\n<p><span style=\"color: #000000;\"><b>OMNITRADE DYNAMICS, S.L. <\/b>y los usuarios, con renuncia expresa a cualquier otro fuero que pudiera corresponderles, se someten al de los juzgados y tribunales del domicilio del usuario para cualquier controversia que pudiera derivarse del acceso o uso de la web. En el caso de que el usuario tenga su domicilio fuera de Espa\u00f1a, <b>OMNITRADE DYNAMICS, S.L. <\/b>y el usuario, se someten, con renuncia expresa a cualquier otro fuero, a los juzgados y tribunales del domicilio de <b>OMNITRADE DYNAMICS, S.L.<\/b>.<\/span><\/p>\n<\/div>\n<p>[\/vc_column_text][\/vc_column][\/vc_row]<\/p>\n<\/div>","protected":false},"excerpt":{"rendered":"<p>[vc_row][vc_column][vc_column_text css=\u00bb\u00bb][\/vc_column_text][vc_column_text css=\u00bb\u00bb] AVISO LEGAL [\/vc_column_text][vc_separator color=\u00bbblack\u00bb css=\u00bb\u00bb][vc_column_text css=\u00bb\u00bb] 1. Datos En cumplimiento del art\u00edculo 10 de la Ley 34\/2002,&#8230;<\/p>\n","protected":false},"author":1,"featured_media":0,"parent":0,"menu_order":0,"comment_status":"closed","ping_status":"closed","template":"","meta":{"footnotes":""},"class_list":["post-92","page","type-page","status-publish"],"_links":{"self":[{"href":"https:\/\/carlite.es\/shop\/wp-json\/wp\/v2\/pages\/92","targetHints":{"allow":["GET"]}}],"collection":[{"href":"https:\/\/carlite.es\/shop\/wp-json\/wp\/v2\/pages"}],"about":[{"href":"https:\/\/carlite.es\/shop\/wp-json\/wp\/v2\/types\/page"}],"author":[{"embeddable":true,"href":"https:\/\/carlite.es\/shop\/wp-json\/wp\/v2\/users\/1"}],"replies":[{"embeddable":true,"href":"https:\/\/carlite.es\/shop\/wp-json\/wp\/v2\/comments?post=92"}],"version-history":[{"count":2,"href":"https:\/\/carlite.es\/shop\/wp-json\/wp\/v2\/pages\/92\/revisions"}],"predecessor-version":[{"id":230,"href":"https:\/\/carlite.es\/shop\/wp-json\/wp\/v2\/pages\/92\/revisions\/230"}],"wp:attachment":[{"href":"https:\/\/carlite.es\/shop\/wp-json\/wp\/v2\/media?parent=92"}],"curies":[{"name":"wp","href":"https:\/\/api.w.org\/{rel}","templated":true}]}}