{"id":3,"date":"2025-10-13T15:29:23","date_gmt":"2025-10-13T13:29:23","guid":{"rendered":"https:\/\/carlite.es\/shop\/?page_id=3"},"modified":"2025-10-24T14:23:20","modified_gmt":"2025-10-24T12:23:20","slug":"politica-de-privacidad","status":"publish","type":"page","link":"https:\/\/carlite.es\/shop\/politica-de-privacidad\/","title":{"rendered":"Pol\u00edtica de privacidad"},"content":{"rendered":"<div class=\"wpb-content-wrapper\"><p>[vc_row][vc_column][vc_column_text css=\u00bb\u00bb]<img class=\"size-full wp-image-116 aligncenter\" src=\"https:\/\/carlite.es\/shop\/wp-content\/uploads\/2025\/10\/logo_car-lite_woocommerce-1.png\" alt=\"\" width=\"300\" height=\"93\" srcset=\"https:\/\/carlite.es\/shop\/wp-content\/uploads\/2025\/10\/logo_car-lite_woocommerce-1.png 300w, https:\/\/carlite.es\/shop\/wp-content\/uploads\/2025\/10\/logo_car-lite_woocommerce-1-128x40.png 128w\" sizes=\"(max-width: 300px) 100vw, 300px\" \/>[\/vc_column_text][vc_column_text css=\u00bb\u00bb]<\/p>\n<h1 style=\"text-align: center;\"><span style=\"color: #000000;\">POL\u00cdTICA DE PRIVACIDAD<\/span><\/h1>\n<p>[\/vc_column_text][vc_separator color=\u00bbblack\u00bb css=\u00bb\u00bb][vc_column_text css=\u00bb\u00bb]<\/p>\n<div class=\"bt_bb_text\">\n<p><span style=\"color: #000000;\">Nos tomamos muy en serio el respeto a la privacidad y la protecci\u00f3n de los datos personales de nuestros usuarios. Nuestro compromiso empieza por explicarte lo siguiente:<\/span><\/p>\n<ul>\n<li><span style=\"color: #000000;\">Se recogen los datos para que la experiencia de usuario mejore, atendiendo a tus intereses y necesidades.<\/span><\/li>\n<li><span style=\"color: #000000;\">Somos transparentes con relaci\u00f3n a los datos que obtenemos acerca del usuario y la raz\u00f3n por la que lo hacemos. Nuestra intenci\u00f3n es ofrecer la mejor experiencia posible. Por ello, cuando se vaya a usar informaci\u00f3n personal lo haremos siempre cumpliendo la normativa, y cuando sea necesario, solicitaremos el consentimiento.<\/span><\/li>\n<li><span style=\"color: #000000;\">La prioridad consiste en garantizar la seguridad del usuario y tratar los datos de acuerdo con la normativa europea.<\/span><\/li>\n<\/ul>\n<p><span style=\"color: #000000;\">A continuaci\u00f3n, explicamos c\u00f3mo recopilamos los datos y el tratamiento que realizamos sobre estos.<\/span><\/p>\n<h4><span style=\"color: #000000;\"><b>1. <\/b><b>Datos del responsable del tratamiento<\/b><\/span><\/h4>\n<p><span style=\"color: #000000;\"><b>Raz\u00f3n Social: <\/b>OMNITRADE DYNAMICS, S.L.<\/span><br \/>\n<span style=\"color: #000000;\"><b>CIF: <\/b>B70680004<\/span><br \/>\n<span style=\"color: #000000;\"><b>Domicilio: <\/b>C\/ POLLENSA, 4, PISO 2, PTA 3, 28290, LAS ROZAS (MADRID)<\/span><br \/>\n<span style=\"color: #000000;\"><b>DPD: <\/b>No se ha designado<\/span><br \/>\n<span style=\"color: #000000;\"><b>Actividad: <\/b>COMERCIO<\/span><br \/>\n<span style=\"color: #000000;\"><b>Web: <\/b><a style=\"color: #000000;\" href=\"https:\/\/carlite.es\/\"><u>https:\/\/carlite.es\/<\/u><\/a><\/span><br \/>\n<span style=\"color: #000000;\"><b>Tel\u00e9fono: <\/b>900 820 300<\/span><br \/>\n<span style=\"color: #000000;\"><b>Correo: <\/b>info@carlite.es<\/span><\/p>\n<h4><span style=\"color: #000000;\">2. Normativa aplicable<\/span><\/h4>\n<p><span style=\"color: #000000;\">Esta Pol\u00edtica de Privacidad se ha dise\u00f1ado de acuerdo con el <b>Reglamento UE 2016\/679 del Parlamento Europeo y del Consejo, de 27 de abril de 2016, relativo a la Protecci\u00f3n de las Personas F\u00edsicas en lo que respecta al Tratamiento de Datos Personales y a la Libre Circulaci\u00f3n de estos datos <\/b>, la <b>Ley Org\u00e1nica 3\/2018 de 5 de diciembre, de Protecci\u00f3n de Datos Personales y Garant\u00eda de Derechos Digitales <\/b>y la <b>Ley 34\/2002, de 11 de julio, de Servicios de la Sociedad de la Informaci\u00f3n y Comercio Electr\u00f3nico <\/b>(LSSICE o LSSI).<\/span><\/p>\n<h4><span style=\"color: #000000;\"><b>3. <\/b><b>Principios Que Se Aplican A La Informaci\u00f3n Personal<\/b><\/span><\/h4>\n<p><span style=\"color: #000000;\">En el tratamiento de los datos personales se aplican los siguientes principios:<\/span><\/p>\n<p><span style=\"color: #000000;\">Principio de licitud, lealtad y transparencia: para que los datos personales que se env\u00eden ser\u00e1n l\u00edcitos se necesitar\u00e1 un consentimiento o que el tratamiento sea necesario para el cumplimiento de una obligaci\u00f3n legal. Los datos se facilitar\u00e1n de forma comprensible y accesible.<\/span><\/p>\n<p><span style=\"color: #000000;\">Principio de minimizaci\u00f3n de datos: los datos personales ser\u00e1n adecuados, pertinentes y\u00a0limitados a la necesidad para la que fueron recabados.<\/span><\/p>\n<p><span style=\"color: #000000;\">Principio de limitaci\u00f3n del plazo de conservaci\u00f3n: los datos personales ser\u00e1n cancelados cuando dejen de ser \u00fatiles para la finalidad que fueron recabados.<\/span><\/p>\n<p><span style=\"color: #000000;\">Principio de integridad y confidencialidad: los datos personales ser\u00e1n tratados de tal manera que se garantice una seguridad adecuada, incluida la protecci\u00f3n contra el tratamiento no autorizado o il\u00edcito y contra su p\u00e9rdida, destrucci\u00f3n o da\u00f1o accidental, mediante la aplicaci\u00f3n de medidas t\u00e9cnicas u organizativas apropiadas.<\/span><\/p>\n<h4><span style=\"color: #000000;\"><b>4. <\/b><b>Finalidad del tratamiento de los datos personales<\/b><\/span><\/h4>\n<p><span style=\"color: #000000;\">El tratamiento que realizamos sobre los datos personales responde a las siguientes finalidades:<\/span><\/p>\n<p><span style=\"color: #000000;\">Atender su solicitud y proporcionarle informaci\u00f3n relacionada con los servicios que presta <b>OMNITRADE DYNAMICS, S.L. <\/b>y en concreto relativa a <b>COMERCIO<\/b>.<\/span><\/p>\n<p><span style=\"color: #000000;\"><b>La p\u00e1gina web dispone de los siguientes formularios que obtienen datos personales:<\/b><\/span><\/p>\n<ul>\n<li><span style=\"color: #000000;\"><b>Formulario de registro: <\/b>permite a clientes y\/o usuarios crear una cuenta en la p\u00e1gina web. Recaba los siguientes datos personales: nombre y correo electr\u00f3nico.<\/span><\/li>\n<li><span style=\"color: #000000;\"><b>Formulario de compra: <\/b>permite a clientes y\/o usuarios comprar productos. Recaba los siguientes datos personales: nombre y apellidos, direcci\u00f3n completa, tel\u00e9fono y correo electr\u00f3nico.<\/span><\/li>\n<\/ul>\n<p><span style=\"color: #000000;\">Enviar comunicaciones comerciales; boletines, promociones y ofertas especiales y gestionar la lista de suscripciones facilitados por el usuario.<\/span><\/p>\n<p><span style=\"color: #000000;\">En el caso de iniciar el proceso de contrataci\u00f3n o compra de alguno de nuestros productos o servicios se solicitar\u00e1 el consentimiento ulterior para la finalidad correspondiente.<\/span><\/p>\n<h4><span style=\"color: #000000;\"><b>5. <\/b><b>Causa legitimadora del tratamiento de datos personales<\/b><\/span><\/h4>\n<p><span style=\"color: #000000;\">La base legal para el tratamiento de sus datos es el consentimiento. Al rellenar los correspondientes<\/span><\/p>\n<p><span style=\"color: #000000;\">formularios y marcar la casilla \u201cacepto la pol\u00edtica de privacidad\u201d y hacer clic para enviar los datos, o al remitir correos electr\u00f3nicos a <b>OMNITRADE DYNAMICS, S.L. <\/b>a trav\u00e9s de las cuentas habilitadas al efecto, el usuario manifiesta haber le\u00eddo y aceptado expresamente la presente pol\u00edtica de privacidad; prestando su consentimiento inequ\u00edvoco y expreso al tratamiento de sus datos personales de acuerdo a las finalidades y t\u00e9rminos aqu\u00ed expresados.<\/span><\/p>\n<p><span style=\"color: #000000;\">Usted puede revocar en cualquier momento el consentimiento prestado para el tratamiento de sus datos personales. Dicha revocaci\u00f3n no tendr\u00e1 car\u00e1cter retroactivo.<\/span><\/p>\n<p><span style=\"color: #000000;\">En caso de que exista un Inter\u00e9s leg\u00edtimo para el tratamiento de datos del usuario se analizar\u00e1n las causas y prevalencia de intereses.<\/span><\/p>\n<p><span style=\"color: #000000;\">Los datos tambi\u00e9n podr\u00e1n ser tratados en cumplimiento de obligaciones legales para prevenci\u00f3n del fraude, comunicaci\u00f3n con Autoridades p\u00fablicas y reclamaciones de terceros.<\/span><\/p>\n<h4><span style=\"color: #000000;\"><b>6. <\/b><b>Categor\u00edas de datos personales tratados<\/b><\/span><\/h4>\n<p><span style=\"color: #000000;\">Las categor\u00edas de datos que ser\u00e1n objeto de tratamiento para las finalidades indicadas son las siguientes:<\/span><\/p>\n<ul>\n<li><span style=\"color: #000000;\">Datos identificativos: nombre y apellidos, correo electr\u00f3nico y tel\u00e9fono.<\/span><\/li>\n<li><span style=\"color: #000000;\">Otros datos no identificativos que se obtienen mediante algunas cookies que se descargan en el ordenador del usuario cuando navega en la web.<\/span><\/li>\n<\/ul>\n<p><span style=\"color: #000000;\">Los datos de car\u00e1cter obligatorio se distinguir\u00e1n en los formularios de recogida de informaci\u00f3n. Si usted decide no proporcionarnos alguno de esos datos considerados obligatorios no podremos cumplir por con la finalidad prevista y no se realizar\u00e1 el tratamiento de datos ni la prestaci\u00f3n del servicio correspondiente.<\/span><\/p>\n<p><span style=\"color: #000000;\">Usted garantiza que los Datos Personales que nos facilite son veraces y correctos, y ser\u00e1<\/span><\/p>\n<p><span style=\"color: #000000;\">responsable de comunicarnos cualquier modificaci\u00f3n en los mismos.<\/span><\/p>\n<h4><span style=\"color: #000000;\"><b>7. <\/b><b>Tratamiento de datos de menores de edad<\/b><\/span><\/h4>\n<p><span style=\"color: #000000;\">En principio nuestros servicios no van dirigidos espec\u00edficamente a menos de edad. Sin embargo, en el supuesto de que alguno de ellos se dirija a menores de catorce a\u00f1os, de conformidad con el <b>art\u00edculo 8 del RGPD y el art\u00edculo 7 de la Ley Org\u00e1nica 3\/2018, de 5 de diciembre <\/b>(LOPDGDD), <b>OMNITRADE DYNAMICS, S.L. <\/b>exigir\u00e1 el consentimiento v\u00e1lido, libre, inequ\u00edvoco, espec\u00edfico e informado de sus tutores legales para tratar los datos personales de los menores.<\/span><\/p>\n<p><span style=\"color: #000000;\">En este caso, se exigir\u00e1 el DNI u otra forma de identificaci\u00f3n de quien preste el consentimiento. En el caso de mayores de catorce a\u00f1os podr\u00e1 procederse al tratamiento de los datos con el consentimiento del usuario, exceptuando aquellos casos en los que la Ley exija la asistencia de los titulares de la patria potestad o tutela.<\/span><\/p>\n<h4><span style=\"color: #000000;\"><b>8. <\/b><b>Medidas de seguridad que se aplican<\/b><\/span><\/h4>\n<p><span style=\"color: #000000;\"><b>OMNITRADE DYNAMICS, S.L. <\/b>se compromete en el tratamiento de los datos personales de los usuarios; a respetar su confidencialidad y a utilizarlos dentro de la finalidad para la que fueron recabados.<\/span><\/p>\n<p><span style=\"color: #000000;\">Dentro de nuestro compromiso por garantizar la seguridad y confidencialidad de sus datos de car\u00e1cter personal, le informamos que se han adoptado las medidas de \u00edndole t\u00e9cnica y organizativas necesarias para garantizar la seguridad de los datos de car\u00e1cter personal y evitar su alteraci\u00f3n, p\u00e9rdida, tratamiento o acceso no autorizado, habida cuenta del estado de la tecnolog\u00eda, la naturaleza de los datos almacenados y los riesgos a que est\u00e9n expuestos. No obstante, lo anterior, el usuario debe ser consciente de que las medidas de seguridad en Internet no son inexpugnables.<\/span><\/p>\n<p><span style=\"color: #000000;\"><b>OMNITRADE DYNAMICS, S.L. <\/b>no es responsable de hipot\u00e9ticos da\u00f1os o perjuicios que se pudieran derivar de interferencias, omisiones, interrupciones, virus inform\u00e1ticos, aver\u00edas telef\u00f3nicas o desconexiones en el funcionamiento operativo de este sistema electr\u00f3nico, retrasos o bloqueos en el uso del presente sistema electr\u00f3nico causados por deficiencias o sobrecargas de l\u00edneas telef\u00f3nicas o sobrecargas en el Centro de Procesos de Datos, en el sistema de Internet o en otros sistemas electr\u00f3nicos, as\u00ed como de da\u00f1os que puedan ser causados por terceras personas mediante intromisiones ileg\u00edtimas fuera del control de <b>OMNITRADE DYNAMICS, S.L.<\/b>.<\/span><\/p>\n<p><span style=\"color: #000000;\">Respecto a la confidencialidad del procesamiento; se asegurar\u00e1 que cualquier persona que est\u00e9 autorizada para procesar los datos (personal, colaboradores y prestadores) est\u00e9n bajo la obligaci\u00f3n apropiada de confidencialidad.<\/span><\/p>\n<p><span style=\"color: #000000;\">Usted puede obtener m\u00e1s informaci\u00f3n sobre las medidas de seguridad que aplicamos contactando a trav\u00e9s de los datos indicados en el apartado uno de esta pol\u00edtica de privacidad.<\/span><\/p>\n<h4><span style=\"color: #000000;\"><b>9. <\/b><b>Periodo de conservaci\u00f3n de los datos<\/b><\/span><\/h4>\n<p><span style=\"color: #000000;\">Los datos personales ser\u00e1n conservados el tiempo necesario para responder con la finalidad o en general mientras dure la relaci\u00f3n comercial o durante el tiempo necesario para cumplir con las obligaciones legales.<\/span><\/p>\n<h4><span style=\"color: #000000;\"><b>10. <\/b><b>Destinatarios a los que se comunican los datos<\/b><\/span><\/h4>\n<p><span style=\"color: #000000;\">El usuario conoce y acepta que sus datos personales podr\u00e1n ser facilitados a terceros cuando sea necesario para cumplir con las finalidades del tratamiento, respet\u00e1ndose en todos los casos las medidas de seguridad exigidas por la legislaci\u00f3n vigente en materia de protecci\u00f3n de datos de car\u00e1cter personal.<\/span><\/p>\n<p><span style=\"color: #000000;\">Los proveedores de servicios externos con los que se trabaje pueden usar los datos para proporcionar los servicios correspondientes, sin embargo, no usar\u00e1n dicha informaci\u00f3n para fines propios o para cesi\u00f3n a terceros.<\/span><\/p>\n<p><span style=\"color: #000000;\">Se procura garantizar la seguridad de los datos personales cuando se env\u00edan fuera de las instalaciones del responsable del tratamiento y se asegura que terceros respeten la confidencialidad y desarrollen las medidas adecuadas para proteger los datos personales en base a la normativa de protecci\u00f3n de datos. En todo caso se firmar\u00e1 el correspondiente contrato de encargo del tratamiento.<\/span><\/p>\n<div>\n<p><span style=\"color: #000000;\">Los datos podr\u00e1n ser comunicados a terceros con fines comerciales bajo su autorizaci\u00f3n expresa.<\/span><\/p>\n<\/div>\n<p><span style=\"color: #000000;\">En algunos casos, la ley puede exigir que se revelen datos personales a organismos p\u00fablicos u otras partes, solo se revelar\u00e1 lo estrictamente necesario para el cumplimiento de dichas obligaciones legales.<\/span><\/p>\n<h4><span style=\"color: #000000;\"><b>11. <\/b><b>Derechos del usuario<\/b><\/span><\/h4>\n<p><span style=\"color: #000000;\">El Usuario tiene los siguientes derechos en cuanto al tratamiento de sus datos personales:<\/span><\/p>\n<p><span style=\"color: #000000;\">Derecho de acceso a los datos personales. Se puede pedir informaci\u00f3n de los datos tratados y obtener una copia de estos.<\/span><\/p>\n<p><span style=\"color: #000000;\">Derecho de rectificaci\u00f3n de los datos inexactos.<\/span><\/p>\n<p><span style=\"color: #000000;\">Derecho de supresi\u00f3n de los datos que ya no sean necesarios para los fines que fueron recabados.<\/span><\/p>\n<p><span style=\"color: #000000;\">Derecho de limitaci\u00f3n en el tratamiento de los datos, lo cual supone una restricci\u00f3n en el tratamiento de datos.<\/span><\/p>\n<p><span style=\"color: #000000;\">Derecho de portabilidad de los datos: en algunos casos, puedes pedir una copia de los datos personales en un formato estructurado, de uso com\u00fan y lectura mec\u00e1nica para su transmisi\u00f3n a otro responsable.<\/span><\/p>\n<p><span style=\"color: #000000;\">Derecho de oposici\u00f3n al tratamiento de los datos personales: se puede retirar el consentimiento para el tratamiento de los datos, oponi\u00e9ndose a que se sigan tratando.<\/span><\/p>\n<p><span style=\"color: #000000;\">Derecho a no ser objeto de decisiones individualizadas: derecho a no formar parte de decisiones que se basen \u00fanicamente en el tratamiento automatizado, incluyendo la elaboraci\u00f3n de perfiles, que produzca efectos jur\u00eddicos o afecte significativamente al interesado.<\/span><\/p>\n<p><span style=\"color: #000000;\">Derecho a presentar una reclamaci\u00f3n ante la Agencia Espa\u00f1ola de Protecci\u00f3n de Datos (autoridad de control en materia de Protecci\u00f3n de Datos competente), especialmente cuando no haya obtenido satisfacci\u00f3n en el ejercicio de sus derechos (<a style=\"color: #000000;\" href=\"http:\/\/www.aepd.es\" target=\"_blank\" rel=\"noopener\">www.aepd.es<\/a>)<\/span><\/p>\n<p><span style=\"color: #000000;\">Usted podr\u00e1 ejercitar sus derechos enviando una solicitud acompa\u00f1ada de copia de su DNI a la direcci\u00f3n indicada en el apartado 1 o a la direcci\u00f3n de correo electr\u00f3nico <b>info@companylh.com<\/b>.<\/span><\/p>\n<h4><span style=\"color: #000000;\"><b>12. <\/b><b>Cambios en la pol\u00edtica de privacidad<\/b><\/span><\/h4>\n<p><span style=\"color: #000000;\"><b>OMNITRADE DYNAMICS, S.L. <\/b>podr\u00e1 modificar la presente pol\u00edtica de privacidad para adaptarla a las novedades legislativas, jurisprudenciales o de interpretaci\u00f3n de la Agencia Espa\u00f1ola de Protecci\u00f3n de Datos. Estas condiciones de privacidad podr\u00e1n ser complementadas por el Aviso Legal, Pol\u00edtica de Cookies y las Condiciones Generales que, en su caso, se recojan para determinados productos o servicios, si dicho acceso supone alguna especialidad en materia de protecci\u00f3n de datos de car\u00e1cter personal.<\/span><\/p>\n<\/div>\n<p>[\/vc_column_text][\/vc_column][\/vc_row]<\/p>\n<\/div>","protected":false},"excerpt":{"rendered":"<p>[vc_row][vc_column][vc_column_text css=\u00bb\u00bb][\/vc_column_text][vc_column_text css=\u00bb\u00bb] POL\u00cdTICA DE PRIVACIDAD [\/vc_column_text][vc_separator color=\u00bbblack\u00bb css=\u00bb\u00bb][vc_column_text css=\u00bb\u00bb] Nos tomamos muy en serio el respeto a la privacidad&#8230;<\/p>\n","protected":false},"author":1,"featured_media":0,"parent":0,"menu_order":0,"comment_status":"closed","ping_status":"open","template":"","meta":{"footnotes":""},"class_list":["post-3","page","type-page","status-publish"],"_links":{"self":[{"href":"https:\/\/carlite.es\/shop\/wp-json\/wp\/v2\/pages\/3","targetHints":{"allow":["GET"]}}],"collection":[{"href":"https:\/\/carlite.es\/shop\/wp-json\/wp\/v2\/pages"}],"about":[{"href":"https:\/\/carlite.es\/shop\/wp-json\/wp\/v2\/types\/page"}],"author":[{"embeddable":true,"href":"https:\/\/carlite.es\/shop\/wp-json\/wp\/v2\/users\/1"}],"replies":[{"embeddable":true,"href":"https:\/\/carlite.es\/shop\/wp-json\/wp\/v2\/comments?post=3"}],"version-history":[{"count":3,"href":"https:\/\/carlite.es\/shop\/wp-json\/wp\/v2\/pages\/3\/revisions"}],"predecessor-version":[{"id":233,"href":"https:\/\/carlite.es\/shop\/wp-json\/wp\/v2\/pages\/3\/revisions\/233"}],"wp:attachment":[{"href":"https:\/\/carlite.es\/shop\/wp-json\/wp\/v2\/media?parent=3"}],"curies":[{"name":"wp","href":"https:\/\/api.w.org\/{rel}","templated":true}]}}